{"id":2,"date":"2016-11-17T18:01:49","date_gmt":"2016-11-17T20:01:49","guid":{"rendered":"http:\/\/www.vinhecard.com\/site\/?page_id=2"},"modified":"2022-08-04T11:28:51","modified_gmt":"2022-08-04T14:28:51","slug":"sobre-nos","status":"publish","type":"page","link":"https:\/\/www.vinhecard.com\/site\/sobre-nos\/","title":{"rendered":"Vantagens"},"content":{"rendered":"\n\tSeja voc\u00ea lojista, empres\u00e1rio ou funcion\u00e1rio, a Vinhecard tr\u00e1s diversas vantagens para quem utiliza nosso cart\u00e3o.\n<p><strong>VANTAGENS PARA O EMPREGADOR<\/strong><\/p>\n<p><a href=\"http:\/\/www.vinhecard.com\/site\/wp-content\/uploads\/2016\/11\/empregador.jpg\"><img loading=\"lazy\" src=\"http:\/\/www.vinhecard.com\/site\/wp-content\/uploads\/2016\/11\/empregador-300x200.jpg\" alt=\"empregador\" width=\"300\" height=\"200\" \/><\/a>Com o Cart\u00e3o Vinhecard todos ter\u00e3o acesso a mais de 400 fornecedores, podendo ser usado em :<\/p>\n<p>Supermercados, Lojas, Farm\u00e1cias, Postos de Gasolina, Restaurantes, Cabeleireiros, Lanchonetes,<\/p>\n<p>Floriculturas, Distribuidores de G\u00e1s&#8230;etc&#8230;<\/p>\n<p>Trata-se de uma modalidade de Conv\u00eanio, pr\u00e1tico entre o Empregador, a Vinhecard e os Comerciantes (Fornecedores), visando atender aos seus funcion\u00e1rios (usu\u00e1rios) nas compras de produtos e servi\u00e7os.<\/p>\n<p>Os valores\u00a0 limites (cr\u00e9ditos) s\u00e3o pr\u00e9 estabelecidos e limitados, voltados para a classe trabalhadora, sem exig\u00eancias impostas pelo sistema financeiro.<\/p>\n<p>O limite de cr\u00e9dito \u00e9 estabelecido pela empresa empregadora com base nos sal\u00e1rios de seus funcion\u00e1rios e seu ciclo de utiliza\u00e7\u00e3o \u00e9 ininterrupto.<\/p>\n<p>Substitui\u00e7\u00e3o do VALE adiantamento de sal\u00e1rio, pelo limite do cr\u00e9dito, permanecendo mais tempo o dinheiro no caixa da Empresa todos os meses.<\/p>\n<p>Redu\u00e7\u00e3o dos custos operacionais, o funcion\u00e1rio ter\u00e1 acesso a toda a rede de fornecedores, otimiza e racionaliza os trabalhos e processos no RH (relat\u00f3rio mensal com os gastos por funcion\u00e1rios), para efetuar um \u00fanico d\u00e9bito na folha de pagamento.<\/p>\n<p>No caso de desligamento do funcion\u00e1rio da empresa, basta\u00a0 contatar a administradora para a posi\u00e7\u00e3o\u00a0 e atualiza\u00e7\u00e3o de imediato.<\/p>\n<p>Melhora a rela\u00e7\u00e3o trabalhista.<\/p>\n<p>A Empresa administradora (Vinhecard) far\u00e1 todos os acertos com a rede de fornecedores.<\/p>\n<p>Custo zero para o Empregador<\/p>\n<p>FAZ BEM PARA SUA EMPRESA<\/p>\n<p>&nbsp;<\/p>\n<p><strong>VANTAGENS PARA O USU\u00c1RIO<\/strong><\/p>\n<p><a href=\"http:\/\/www.vinhecard.com\/site\/wp-content\/uploads\/2016\/11\/novo_usuario.png\"><img loading=\"lazy\" src=\"http:\/\/www.vinhecard.com\/site\/wp-content\/uploads\/2016\/11\/novo_usuario-300x199.png\" alt=\"novo_usuario\" width=\"300\" height=\"199\" \/><\/a>Prazo de at\u00e9 40 dias para desconto na folha de pagamento, sem juros e com pre\u00e7o \u00e0 vista.<\/p>\n<p>Continuidade nas compras durante todo o m\u00eas, independente do recebimento do sal\u00e1rio.<\/p>\n<p>Antecipa\u00e7\u00e3o salarial<\/p>\n<p>Liberdade para comprar em condi\u00e7\u00f5es favor\u00e1veis, inclusive parceladas.<\/p>\n<p>Extratos mensais para confer\u00eancia\u00a0 e controle dos gastos via site e aplicativo no celular.<\/p>\n<p>Mais de 400\u00a0 estabelecimento comerciais conveniados com f\u00e1cil pesquisa no site,<\/p>\n<p>Informativo no guia ONDE COMPRAR, agrupados por segmentos.<\/p>\n<p>FAZ BEM PARA O USU\u00c1RIO<\/p>\n<p>&nbsp;<\/p>\n<p><strong>VANTAGENS PARA O FORNECEDOR<\/strong><\/p>\n<p><a href=\"http:\/\/www.vinhecard.com\/site\/wp-content\/uploads\/2016\/11\/fornecedor.png\"><img loading=\"lazy\" src=\"http:\/\/www.vinhecard.com\/site\/wp-content\/uploads\/2016\/11\/fornecedor-300x199.png\" alt=\"fornecedor\" width=\"300\" height=\"199\" \/><\/a>Aumento do volume de vendas com novos clientes<\/p>\n<p>Elimina\u00e7\u00e3o total do cheque pr\u00e9-datado, cheque sem fundo, cheque roubado&#8230;<\/p>\n<p>Elimina\u00e7\u00e3o de transtornos com trocos<\/p>\n<p>Perfil do usu\u00e1rio, muito bom, pois o mesmo n\u00e3o est\u00e1 desempregado.<\/p>\n<p>N\u00e3o h\u00e1 inadimpl\u00eancia, todas as vendas s\u00e3o garantidas pela Vinhecard,<\/p>\n<p>Seguran\u00e7a no recebimento das vendas<\/p>\n<p>Possibilidade de parcelar suas vendas<\/p>\n<p>Divulga\u00e7\u00e3o das lojas conveniadas (fornecedores) atrav\u00e9s do site da Vinhecard.<\/p>\n<p>Relat\u00f3rio mensal\u00a0 das vendas efetuadas, via consulta no site.<\/p>\n<p>Posicionamento\u00a0 e informativo da data da efetiva\u00e7\u00e3o dos pagamentos.<\/p>\n<p>FAZ BEM PARA SEUS NEG\u00d3CIOS<\/p>\n<p>&nbsp;<\/p>\n<p><strong>SISTEMA OPERACIONAL<\/strong><\/p>\n<p>Terminal POS (Point of Sales), ou seja, ponto de venda (maquininha)<\/p>\n<p>PDV\/TEF &#8211; Transfer\u00eancia Eletr\u00f4nica de Fundos em ambiente dedicado ou discado<\/p>\n<p>WEB SITE &#8211; O\u00a0 sistema de venda \u00e9 realizado via internet (com emiss\u00e3o de recibo)<\/p>\n<p>&nbsp;<\/p>\n","protected":false},"excerpt":{"rendered":"<p>Seja voc\u00ea lojista, empres\u00e1rio ou funcion\u00e1rio, a Vinhecard tr\u00e1s diversas vantagens para quem utiliza nosso cart\u00e3o. VANTAGENS PARA O EMPREGADOR Com o Cart\u00e3o Vinhecard todos ter\u00e3o acesso a mais de 400 fornecedores, podendo ser usado em : Supermercados, Lojas, Farm\u00e1cias,&hellip; <\/p>\n","protected":false},"author":1,"featured_media":0,"parent":0,"menu_order":0,"comment_status":"closed","ping_status":"closed","template":"","meta":[],"_links":{"self":[{"href":"https:\/\/www.vinhecard.com\/site\/wp-json\/wp\/v2\/pages\/2"}],"collection":[{"href":"https:\/\/www.vinhecard.com\/site\/wp-json\/wp\/v2\/pages"}],"about":[{"href":"https:\/\/www.vinhecard.com\/site\/wp-json\/wp\/v2\/types\/page"}],"author":[{"embeddable":true,"href":"https:\/\/www.vinhecard.com\/site\/wp-json\/wp\/v2\/users\/1"}],"replies":[{"embeddable":true,"href":"https:\/\/www.vinhecard.com\/site\/wp-json\/wp\/v2\/comments?post=2"}],"version-history":[{"count":9,"href":"https:\/\/www.vinhecard.com\/site\/wp-json\/wp\/v2\/pages\/2\/revisions"}],"predecessor-version":[{"id":1022,"href":"https:\/\/www.vinhecard.com\/site\/wp-json\/wp\/v2\/pages\/2\/revisions\/1022"}],"wp:attachment":[{"href":"https:\/\/www.vinhecard.com\/site\/wp-json\/wp\/v2\/media?parent=2"}],"curies":[{"name":"wp","href":"https:\/\/api.w.org\/{rel}","templated":true}]}}