{"id":156,"date":"2016-11-17T18:01:49","date_gmt":"2016-11-17T20:01:49","guid":{"rendered":"http:\/\/www.vinhecard.com\/site\/?page_id=156"},"modified":"2025-05-12T10:07:48","modified_gmt":"2025-05-12T13:07:48","slug":"inicio","status":"publish","type":"page","link":"https:\/\/www.vinhecard.com\/site\/","title":{"rendered":"In\u00edcio"},"content":{"rendered":"\n\n\t\t\t\t<img src=\"http:\/\/www.vinhecard.com\/site\/wp-content\/uploads\/2016\/12\/cropped-cropped-Portal-de-Vinhedo-2.jpg\" alt=\"cropped-cropped-Portal-de-Vinhedo-2.jpg\" itemprop=\"image\" title=\"cropped-cropped-Portal-de-Vinhedo-2.jpg\" onerror=\"this.style.display='none'\"  \/>\n\t\t\t\t<img src=\"http:\/\/www.vinhecard.com\/site\/wp-content\/uploads\/2016\/11\/cartao.png\" alt=\"cartao\" itemprop=\"image\" title=\"cartao\" onerror=\"this.style.display='none'\"  \/>\n\t<h5>Produtos e Servi\u00e7os na palma da sua m\u00e3o!<\/h5>\n\t\t<h3>Acesse o extrato via celular<\/h3>\n\t\t<p>Clique no bot\u00e3o ao lado para acessar o sistema via celular.<\/p>\n\t\t\t<a href=\"https:\/\/www.vinhecard.com\/sistema\/?chave=app:100006|c:novo_app\" target=\"_blank\" role=\"button\" rel=\"noopener\">\n\t\t\t\t\t\t\tClique aqui\n\t\t\t\t\t<\/a>\n\t\t<h3>Acesso do Fornecedor<\/h3>\n\t\t<p>Clique no bot\u00e3o ao lado para acessar o sistema via celular.<\/p>\n\t\t\t<a href=\"https:\/\/www.vinhecard.com\/fornecedor\" target=\"_blank\" role=\"button\" rel=\"noopener\">\n\t\t\t\t\t\t\tClique aqui\n\t\t\t\t\t<\/a>\n\t\t\t\t<a href=\"http:\/\/www.vinhecard.com\/site\/noticias-vinhecard\/\" target=\"_self\" itemprop=\"url\" rel=\"noopener\">\n\t\t\t\t<img src=\"http:\/\/www.vinhecard.com\/site\/wp-content\/uploads\/2016\/11\/noticias.png\" alt=\"noticias\" itemprop=\"image\" title=\"noticias\" onerror=\"this.style.display='none'\"  \/>\n\t\t\t\t<\/a>\n<h3><a href=\"http:\/\/www.vinhecard.com\/site\/noticias-vinhecard\/\" target=\"_self\" rel=\"noopener\">Atualiza\u00e7\u00f5es do Vinhecard<\/a><\/h3>\t\t\n\t\t\t<p>Confira as novidades que o Vinhecard traz para voc\u00ea<\/p>\n\t\t\t<a href=\"http:\/\/www.vinhecard.com\/site\/noticias-vinhecard\/\" target=\"_self\" role=\"button\" rel=\"noopener\">\n\t\t\t\t\t\t\tSaiba mais\n\t\t\t\t\t<\/a>\n\t\t\t\t<a href=\"http:\/\/www.vinhecard.com\/site\/seja-um-usuario\/\" target=\"_self\" itemprop=\"url\" rel=\"noopener\">\n\t\t\t\t<img src=\"http:\/\/www.vinhecard.com\/site\/wp-content\/uploads\/2016\/11\/novo_usuario.png\" alt=\"novo_usuario\" itemprop=\"image\" title=\"novo_usuario\" onerror=\"this.style.display='none'\"  \/>\n\t\t\t\t<\/a>\n<h3><a href=\"http:\/\/www.vinhecard.com\/site\/seja-um-usuario\/\" target=\"_self\" rel=\"noopener\">Seja um usu\u00e1rio<\/a><\/h3>\t\t\n\t\t\t<p>Adquira j\u00e1 um cart\u00e3o Vinhecard!<\/p>\n\t\t\t<a href=\"http:\/\/www.vinhecard.com\/site\/seja-um-usuario\/\" target=\"_self\" role=\"button\" rel=\"noopener\">\n\t\t\t\t\t\t\tSaiba mais\n\t\t\t\t\t<\/a>\n\t\t\t\t<a href=\"http:\/\/www.vinhecard.com\/site\/seja-um-fornecedor\/\" target=\"_self\" itemprop=\"url\" rel=\"noopener\">\n\t\t\t\t<img src=\"http:\/\/www.vinhecard.com\/site\/wp-content\/uploads\/2016\/11\/fornecedor.png\" alt=\"fornecedor\" itemprop=\"image\" title=\"fornecedor\" onerror=\"this.style.display='none'\"  \/>\n\t\t\t\t<\/a>\n<h3><a href=\"http:\/\/www.vinhecard.com\/site\/seja-um-fornecedor\/\" target=\"_self\" rel=\"noopener\">Seja um fornecedor<\/a><\/h3>\t\t\n\t\t\t<p>Passe a aceitar compras com o nosso cart\u00e3o Vinhecard<\/p>\n\t\t\t<a href=\"http:\/\/www.vinhecard.com\/site\/seja-um-fornecedor\/\" target=\"_self\" role=\"button\" rel=\"noopener\">\n\t\t\t\t\t\t\tSaiba mais\n\t\t\t\t\t<\/a>\n\t<p><a href=\"https:\/\/www.vinhecard.com\/site\/politica-privacidade\/\">Pol\u00edtica de privacidade<\/a><\/p>\n\n","protected":false},"excerpt":{"rendered":"<p>Produtos e Servi\u00e7os na palma da sua m\u00e3o! Acesse o extrato via celular Clique no bot\u00e3o ao lado para acessar o sistema via celular. Clique aqui Acesso do Fornecedor Clique no bot\u00e3o ao lado para acessar o sistema via celular.&hellip; <\/p>\n","protected":false},"author":1,"featured_media":0,"parent":0,"menu_order":0,"comment_status":"closed","ping_status":"closed","template":"","meta":[],"_links":{"self":[{"href":"https:\/\/www.vinhecard.com\/site\/wp-json\/wp\/v2\/pages\/156"}],"collection":[{"href":"https:\/\/www.vinhecard.com\/site\/wp-json\/wp\/v2\/pages"}],"about":[{"href":"https:\/\/www.vinhecard.com\/site\/wp-json\/wp\/v2\/types\/page"}],"author":[{"embeddable":true,"href":"https:\/\/www.vinhecard.com\/site\/wp-json\/wp\/v2\/users\/1"}],"replies":[{"embeddable":true,"href":"https:\/\/www.vinhecard.com\/site\/wp-json\/wp\/v2\/comments?post=156"}],"version-history":[{"count":34,"href":"https:\/\/www.vinhecard.com\/site\/wp-json\/wp\/v2\/pages\/156\/revisions"}],"predecessor-version":[{"id":1068,"href":"https:\/\/www.vinhecard.com\/site\/wp-json\/wp\/v2\/pages\/156\/revisions\/1068"}],"wp:attachment":[{"href":"https:\/\/www.vinhecard.com\/site\/wp-json\/wp\/v2\/media?parent=156"}],"curies":[{"name":"wp","href":"https:\/\/api.w.org\/{rel}","templated":true}]}}